{"id":1288,"date":"2025-07-16T11:16:43","date_gmt":"2025-07-16T11:16:43","guid":{"rendered":"https:\/\/moser-bad-heizung.de\/?page_id=1288"},"modified":"2025-07-16T11:16:43","modified_gmt":"2025-07-16T11:16:43","slug":"kundendienstanfragen","status":"publish","type":"page","link":"https:\/\/moser-bad-heizung.de\/?page_id=1288","title":{"rendered":"Kundendienstanfragen"},"content":{"rendered":"<div class=\"wpforms-container wpforms-block wpforms-block-e6756ab1-ffce-4ee1-95a6-095c42aee586\" id=\"wpforms-1269\"><form id=\"wpforms-form-1269\" class=\"wpforms-validate wpforms-form\" data-formid=\"1269\" method=\"post\" enctype=\"multipart\/form-data\" action=\"\/index.php?rest_route=%2Fwp%2Fv2%2Fpages%2F1288\" data-token=\"18ba05086cba52e6ba43d7ae2363cb2d\" data-token-time=\"1777982769\"><noscript class=\"wpforms-error-noscript\">Bitte aktiviere JavaScript in deinem Browser, um dieses Formular fertigzustellen.<\/noscript><div class=\"wpforms-field-container\"><div id=\"wpforms-1269-field_7-container\" class=\"wpforms-field wpforms-field-radio\" data-field-id=\"7\"><label class=\"wpforms-field-label\">Sie m\u00f6chten einen Termin anfragen f\u00fcr:<\/label><ul id=\"wpforms-1269-field_7\"><li class=\"choice-1 depth-1\"><input type=\"radio\" id=\"wpforms-1269-field_7_1\" name=\"wpforms[fields][7]\" value=\"Kundendienst\"  ><label class=\"wpforms-field-label-inline\" for=\"wpforms-1269-field_7_1\">Kundendienst<\/label><\/li><li class=\"choice-2 depth-1\"><input type=\"radio\" id=\"wpforms-1269-field_7_2\" name=\"wpforms[fields][7]\" value=\"Wartung\"  ><label class=\"wpforms-field-label-inline\" for=\"wpforms-1269-field_7_2\">Wartung<\/label><\/li><li class=\"choice-3 depth-1\"><input type=\"radio\" id=\"wpforms-1269-field_7_3\" name=\"wpforms[fields][7]\" value=\"Reparatur\"  ><label class=\"wpforms-field-label-inline\" for=\"wpforms-1269-field_7_3\">Reparatur<\/label><\/li><\/ul><\/div><div id=\"wpforms-1269-field_10-container\" class=\"wpforms-field wpforms-field-textarea\" data-field-id=\"10\"><label class=\"wpforms-field-label\" for=\"wpforms-1269-field_10\">Kurze Beschreibung Ihrer Anfrage<\/label><textarea id=\"wpforms-1269-field_10\" class=\"wpforms-field-medium\" name=\"wpforms[fields][10]\" placeholder=\"Bei Reparaturen: Was muss repariert werden? Welche Funktionen sind au\u00dfer Betrieb?\" ><\/textarea><\/div><div id=\"wpforms-1269-field_0-container\" class=\"wpforms-field wpforms-field-name\" data-field-id=\"0\"><label class=\"wpforms-field-label\">Name <span class=\"wpforms-required-label\">*<\/span><\/label><div class=\"wpforms-field-row wpforms-field-medium\"><div class=\"wpforms-field-row-block wpforms-first wpforms-one-half\"><input type=\"text\" id=\"wpforms-1269-field_0\" class=\"wpforms-field-name-first wpforms-field-required\" name=\"wpforms[fields][0][first]\" required><label for=\"wpforms-1269-field_0\" class=\"wpforms-field-sublabel after\">Vorname<\/label><\/div><div class=\"wpforms-field-row-block wpforms-one-half\"><input type=\"text\" id=\"wpforms-1269-field_0-last\" class=\"wpforms-field-name-last wpforms-field-required\" name=\"wpforms[fields][0][last]\" required><label for=\"wpforms-1269-field_0-last\" class=\"wpforms-field-sublabel after\">Nachname<\/label><\/div><\/div><\/div><div id=\"wpforms-1269-field_1-container\" class=\"wpforms-field wpforms-field-email\" data-field-id=\"1\"><label class=\"wpforms-field-label\" for=\"wpforms-1269-field_1\">E-Mail <span class=\"wpforms-required-label\">*<\/span><\/label><input type=\"email\" id=\"wpforms-1269-field_1\" class=\"wpforms-field-medium wpforms-field-required\" name=\"wpforms[fields][1]\" spellcheck=\"false\" required><\/div><div id=\"wpforms-1269-field_9-container\" class=\"wpforms-field wpforms-field-textarea\" data-field-id=\"9\"><label class=\"wpforms-field-label\" for=\"wpforms-1269-field_9\">Wann passt es Ihnen gut?<\/label><textarea id=\"wpforms-1269-field_9\" class=\"wpforms-field-medium\" name=\"wpforms[fields][9]\" placeholder=\"Machen Sie gerne mehrere Terminvorschl\u00e4ge, wir werden uns bem\u00fchen, Ihre W\u00fcnsche zu ber\u00fccksichtigen\" ><\/textarea><\/div><div id=\"wpforms-1269-field_11-container\" class=\"wpforms-field wpforms-field-checkbox\" data-field-id=\"11\"><label class=\"wpforms-field-label\">Sind Sie bereits Kunde bei uns?<\/label><ul id=\"wpforms-1269-field_11\"><li class=\"choice-1 depth-1\"><input type=\"checkbox\" id=\"wpforms-1269-field_11_1\" name=\"wpforms[fields][11][]\" value=\"Ja\"  ><label class=\"wpforms-field-label-inline\" for=\"wpforms-1269-field_11_1\">Ja<\/label><\/li><li class=\"choice-2 depth-1\"><input type=\"checkbox\" id=\"wpforms-1269-field_11_2\" name=\"wpforms[fields][11][]\" value=\"Nein\"  ><label class=\"wpforms-field-label-inline\" for=\"wpforms-1269-field_11_2\">Nein<\/label><\/li><\/ul><\/div><\/div><!-- .wpforms-field-container --><div class=\"wpforms-field wpforms-field-hp\"><label for=\"wpforms-1269-field-hp\" class=\"wpforms-field-label\">Message<\/label><input type=\"text\" name=\"wpforms[hp]\" id=\"wpforms-1269-field-hp\" class=\"wpforms-field-medium\"><\/div><div class=\"wpforms-submit-container\" ><input type=\"hidden\" name=\"wpforms[id]\" value=\"1269\"><input type=\"hidden\" name=\"page_title\" value=\"\"><input type=\"hidden\" name=\"page_url\" value=\"https:\/\/moser-bad-heizung.de\/index.php?rest_route=\/wp\/v2\/pages\/1288\"><input type=\"hidden\" name=\"url_referer\" value=\"\"><button type=\"submit\" name=\"wpforms[submit]\" id=\"wpforms-submit-1269\" class=\"wpforms-submit\" data-alt-text=\"Senden...\" data-submit-text=\"Termin anfragen\" aria-live=\"assertive\" value=\"wpforms-submit\">Termin anfragen<\/button><\/div><\/form><\/div>  <!-- .wpforms-container -->","protected":false},"excerpt":{"rendered":"","protected":false},"author":1,"featured_media":0,"parent":0,"menu_order":0,"comment_status":"closed","ping_status":"closed","template":"","meta":{"_uag_custom_page_level_css":"","site-sidebar-layout":"default","site-content-layout":"","ast-site-content-layout":"default","site-content-style":"default","site-sidebar-style":"default","ast-global-header-display":"","ast-banner-title-visibility":"","ast-main-header-display":"","ast-hfb-above-header-display":"","ast-hfb-below-header-display":"","ast-hfb-mobile-header-display":"","site-post-title":"","ast-breadcrumbs-content":"","ast-featured-img":"","footer-sml-layout":"","theme-transparent-header-meta":"","adv-header-id-meta":"","stick-header-meta":"","header-above-stick-meta":"","header-main-stick-meta":"","header-below-stick-meta":"","astra-migrate-meta-layouts":"set","ast-page-background-enabled":"default","ast-page-background-meta":{"desktop":{"background-color":"var(--ast-global-color-4)","background-image":"","background-repeat":"repeat","background-position":"center center","background-size":"auto","background-attachment":"scroll","background-type":"","background-media":"","overlay-type":"","overlay-color":"","overlay-opacity":"","overlay-gradient":""},"tablet":{"background-color":"","background-image":"","background-repeat":"repeat","background-position":"center center","background-size":"auto","background-attachment":"scroll","background-type":"","background-media":"","overlay-type":"","overlay-color":"","overlay-opacity":"","overlay-gradient":""},"mobile":{"background-color":"","background-image":"","background-repeat":"repeat","background-position":"center center","background-size":"auto","background-attachment":"scroll","background-type":"","background-media":"","overlay-type":"","overlay-color":"","overlay-opacity":"","overlay-gradient":""}},"ast-content-background-meta":{"desktop":{"background-color":"var(--ast-global-color-5)","background-image":"","background-repeat":"repeat","background-position":"center center","background-size":"auto","background-attachment":"scroll","background-type":"","background-media":"","overlay-type":"","overlay-color":"","overlay-opacity":"","overlay-gradient":""},"tablet":{"background-color":"var(--ast-global-color-5)","background-image":"","background-repeat":"repeat","background-position":"center center","background-size":"auto","background-attachment":"scroll","background-type":"","background-media":"","overlay-type":"","overlay-color":"","overlay-opacity":"","overlay-gradient":""},"mobile":{"background-color":"var(--ast-global-color-5)","background-image":"","background-repeat":"repeat","background-position":"center center","background-size":"auto","background-attachment":"scroll","background-type":"","background-media":"","overlay-type":"","overlay-color":"","overlay-opacity":"","overlay-gradient":""}},"footnotes":""},"class_list":["post-1288","page","type-page","status-publish","hentry"],"uagb_featured_image_src":{"full":false,"thumbnail":false,"medium":false,"medium_large":false,"large":false,"1536x1536":false,"2048x2048":false},"uagb_author_info":{"display_name":"Marcelinho","author_link":"https:\/\/moser-bad-heizung.de\/?author=1"},"uagb_comment_info":0,"uagb_excerpt":null,"_links":{"self":[{"href":"https:\/\/moser-bad-heizung.de\/index.php?rest_route=\/wp\/v2\/pages\/1288","targetHints":{"allow":["GET"]}}],"collection":[{"href":"https:\/\/moser-bad-heizung.de\/index.php?rest_route=\/wp\/v2\/pages"}],"about":[{"href":"https:\/\/moser-bad-heizung.de\/index.php?rest_route=\/wp\/v2\/types\/page"}],"author":[{"embeddable":true,"href":"https:\/\/moser-bad-heizung.de\/index.php?rest_route=\/wp\/v2\/users\/1"}],"replies":[{"embeddable":true,"href":"https:\/\/moser-bad-heizung.de\/index.php?rest_route=%2Fwp%2Fv2%2Fcomments&post=1288"}],"version-history":[{"count":1,"href":"https:\/\/moser-bad-heizung.de\/index.php?rest_route=\/wp\/v2\/pages\/1288\/revisions"}],"predecessor-version":[{"id":1289,"href":"https:\/\/moser-bad-heizung.de\/index.php?rest_route=\/wp\/v2\/pages\/1288\/revisions\/1289"}],"wp:attachment":[{"href":"https:\/\/moser-bad-heizung.de\/index.php?rest_route=%2Fwp%2Fv2%2Fmedia&parent=1288"}],"curies":[{"name":"wp","href":"https:\/\/api.w.org\/{rel}","templated":true}]}}