{"id":1105,"date":"2020-03-13T12:09:42","date_gmt":"2020-03-13T12:09:42","guid":{"rendered":"http:\/\/moser-bad-heizung.de\/?page_id=1105"},"modified":"2026-05-05T07:47:36","modified_gmt":"2026-05-05T07:47:36","slug":"elementor-1105","status":"publish","type":"page","link":"https:\/\/moser-bad-heizung.de\/?page_id=1105","title":{"rendered":"Impressum"},"content":{"rendered":"\t\t<div data-elementor-type=\"wp-page\" data-elementor-id=\"1105\" class=\"elementor elementor-1105\">\n\t\t\t\t\t\t<section class=\"elementor-section elementor-top-section elementor-element elementor-element-fb015e3 elementor-section-stretched elementor-section-boxed elementor-section-height-default elementor-section-height-default\" data-id=\"fb015e3\" data-element_type=\"section\" data-settings=\"{&quot;stretch_section&quot;:&quot;section-stretched&quot;,&quot;background_background&quot;:&quot;classic&quot;}\">\n\t\t\t\t\t\t<div class=\"elementor-container elementor-column-gap-default\">\n\t\t\t\t\t<div class=\"elementor-column elementor-col-100 elementor-top-column elementor-element elementor-element-bc46c66\" data-id=\"bc46c66\" data-element_type=\"column\">\n\t\t\t<div class=\"elementor-widget-wrap\">\n\t\t\t\t\t\t\t<\/div>\n\t\t<\/div>\n\t\t\t\t\t<\/div>\n\t\t<\/section>\n\t\t\t\t<section class=\"elementor-section elementor-top-section elementor-element elementor-element-d5a6e6a elementor-section-boxed elementor-section-height-default elementor-section-height-default\" data-id=\"d5a6e6a\" data-element_type=\"section\">\n\t\t\t\t\t\t<div class=\"elementor-container elementor-column-gap-default\">\n\t\t\t\t\t<div class=\"elementor-column elementor-col-100 elementor-top-column elementor-element elementor-element-64e5e8c\" data-id=\"64e5e8c\" data-element_type=\"column\">\n\t\t\t<div class=\"elementor-widget-wrap elementor-element-populated\">\n\t\t\t\t\t\t<div class=\"elementor-element elementor-element-77a4978 elementor-widget elementor-widget-text-editor\" data-id=\"77a4978\" data-element_type=\"widget\" data-widget_type=\"text-editor.default\">\n\t\t\t\t<div class=\"elementor-widget-container\">\n\t\t\t\t\t\t\t\t\t<p><strong>Impressum<\/strong><\/p>\n<p>Firma Moser Bad &amp; W\u00e4rme<br>Dammweg 2<br>78652 Dei\u00dflingen<br>Telefon: +49 (0) 74 20 \/ 9 11 99<br>E-Mail: info@moser-bad-heizung.de<br>www.moser-bad-heizung.de<\/p>\n<p>Inhaber: Udo Moser<br>Handelsregistereintrag: Firma Moser Bad &amp; W\u00e4rme; Handwerkskammer Konstanz<br>Betriebs-Nr. 041116<br>UST.-ID-Nummer: DE 244 737 136<\/p>\n<p><strong>Urheberrechte und sonstige Sonderschutzrechte<\/strong><br>Der Inhalt dieser Internetseiten ist urheberrechtlich gesch\u00fctzt. Es darf keine Kopie der Informationen der Internetseiten auf einem<br>einzigen Computer f\u00fcr den nicht-kommerziellen und pers\u00f6nlichen internen Gebrauch gespeichert werden.<br>Grafiken, Texte, Logos, Bilder usw. d\u00fcrfen nur nach schriftlicher Genehmigung durch o.g. Firma heruntergeladen, vervielf\u00e4ltigt, kopiert,<br>ge\u00e4ndert, ver\u00f6ffentlicht, versendet, \u00fcbertragen oder in sonstiger Form genutzt werden. Bei genannten Produkt- und Firmennamen kann es sich <br>um eingetragene Warenzeichen oder Marken handeln. Die unberechtigte Verwendung kann zu Schadensersatzanspr\u00fcchen und <br>Unterlassungsanspr\u00fcchen f\u00fchren.<\/p>\n<p>Links zu anderen Websites<br>Die Homepage der Firma Moser Bad &amp; W\u00e4rme enth\u00e4lt Links zu anderen Webseiten. Die Firma Moser hat keinen Einfluss auf den redaktionellen Inhalt fremder Webseiten und darauf, dass deren Betreiber die Datenschutzbestimmungen einhalten.<\/p>\n<p><strong>Realisierung<\/strong><br>Firma Moser Bad &amp; W\u00e4rme<br>Verwaltung<\/p>\t\t\t\t\t\t\t\t<\/div>\n\t\t\t\t<\/div>\n\t\t\t\t\t<\/div>\n\t\t<\/div>\n\t\t\t\t\t<\/div>\n\t\t<\/section>\n\t\t\t\t<\/div>\n\t\t","protected":false},"excerpt":{"rendered":"<p>Impressum Firma Moser Bad &amp; W\u00e4rmeDammweg 278652 Dei\u00dflingenTelefon: +49 (0) 74 20 \/ 9 11 99E-Mail: info@moser-bad-heizung.dewww.moser-bad-heizung.de Inhaber: Udo MoserHandelsregistereintrag: Firma Moser Bad &amp; W\u00e4rme; Handwerkskammer KonstanzBetriebs-Nr. 041116UST.-ID-Nummer: DE 244 737 136 Urheberrechte und sonstige SonderschutzrechteDer Inhalt dieser Internetseiten ist urheberrechtlich gesch\u00fctzt. Es darf keine Kopie der Informationen der Internetseiten auf einemeinzigen Computer f\u00fcr den [&hellip;]<\/p>\n","protected":false},"author":1,"featured_media":0,"parent":0,"menu_order":0,"comment_status":"closed","ping_status":"closed","template":"","meta":{"_uag_custom_page_level_css":"","site-sidebar-layout":"no-sidebar","site-content-layout":"page-builder","ast-site-content-layout":"default","site-content-style":"default","site-sidebar-style":"default","ast-global-header-display":"","ast-banner-title-visibility":"","ast-main-header-display":"","ast-hfb-above-header-display":"","ast-hfb-below-header-display":"","ast-hfb-mobile-header-display":"","site-post-title":"disabled","ast-breadcrumbs-content":"","ast-featured-img":"disabled","footer-sml-layout":"","theme-transparent-header-meta":"default","adv-header-id-meta":"","stick-header-meta":"","header-above-stick-meta":"","header-main-stick-meta":"","header-below-stick-meta":"","astra-migrate-meta-layouts":"default","ast-page-background-enabled":"default","ast-page-background-meta":{"desktop":{"background-color":"var(--ast-global-color-4)","background-image":"","background-repeat":"repeat","background-position":"center center","background-size":"auto","background-attachment":"scroll","background-type":"","background-media":"","overlay-type":"","overlay-color":"","overlay-opacity":"","overlay-gradient":""},"tablet":{"background-color":"","background-image":"","background-repeat":"repeat","background-position":"center center","background-size":"auto","background-attachment":"scroll","background-type":"","background-media":"","overlay-type":"","overlay-color":"","overlay-opacity":"","overlay-gradient":""},"mobile":{"background-color":"","background-image":"","background-repeat":"repeat","background-position":"center center","background-size":"auto","background-attachment":"scroll","background-type":"","background-media":"","overlay-type":"","overlay-color":"","overlay-opacity":"","overlay-gradient":""}},"ast-content-background-meta":{"desktop":{"background-color":"var(--ast-global-color-5)","background-image":"","background-repeat":"repeat","background-position":"center center","background-size":"auto","background-attachment":"scroll","background-type":"","background-media":"","overlay-type":"","overlay-color":"","overlay-opacity":"","overlay-gradient":""},"tablet":{"background-color":"var(--ast-global-color-5)","background-image":"","background-repeat":"repeat","background-position":"center center","background-size":"auto","background-attachment":"scroll","background-type":"","background-media":"","overlay-type":"","overlay-color":"","overlay-opacity":"","overlay-gradient":""},"mobile":{"background-color":"var(--ast-global-color-5)","background-image":"","background-repeat":"repeat","background-position":"center center","background-size":"auto","background-attachment":"scroll","background-type":"","background-media":"","overlay-type":"","overlay-color":"","overlay-opacity":"","overlay-gradient":""}},"footnotes":""},"class_list":["post-1105","page","type-page","status-publish","hentry"],"uagb_featured_image_src":{"full":false,"thumbnail":false,"medium":false,"medium_large":false,"large":false,"1536x1536":false,"2048x2048":false},"uagb_author_info":{"display_name":"Marcelinho","author_link":"https:\/\/moser-bad-heizung.de\/?author=1"},"uagb_comment_info":0,"uagb_excerpt":"Impressum Firma Moser Bad &amp; W\u00e4rmeDammweg 278652 Dei\u00dflingenTelefon: +49 (0) 74 20 \/ 9 11 99E-Mail: info@moser-bad-heizung.dewww.moser-bad-heizung.de Inhaber: Udo MoserHandelsregistereintrag: Firma Moser Bad &amp; W\u00e4rme; Handwerkskammer KonstanzBetriebs-Nr. 041116UST.-ID-Nummer: DE 244 737 136 Urheberrechte und sonstige SonderschutzrechteDer Inhalt dieser Internetseiten ist urheberrechtlich gesch\u00fctzt. Es darf keine Kopie der Informationen der Internetseiten auf einemeinzigen Computer f\u00fcr den&hellip;","_links":{"self":[{"href":"https:\/\/moser-bad-heizung.de\/index.php?rest_route=\/wp\/v2\/pages\/1105","targetHints":{"allow":["GET"]}}],"collection":[{"href":"https:\/\/moser-bad-heizung.de\/index.php?rest_route=\/wp\/v2\/pages"}],"about":[{"href":"https:\/\/moser-bad-heizung.de\/index.php?rest_route=\/wp\/v2\/types\/page"}],"author":[{"embeddable":true,"href":"https:\/\/moser-bad-heizung.de\/index.php?rest_route=\/wp\/v2\/users\/1"}],"replies":[{"embeddable":true,"href":"https:\/\/moser-bad-heizung.de\/index.php?rest_route=%2Fwp%2Fv2%2Fcomments&post=1105"}],"version-history":[{"count":7,"href":"https:\/\/moser-bad-heizung.de\/index.php?rest_route=\/wp\/v2\/pages\/1105\/revisions"}],"predecessor-version":[{"id":1330,"href":"https:\/\/moser-bad-heizung.de\/index.php?rest_route=\/wp\/v2\/pages\/1105\/revisions\/1330"}],"wp:attachment":[{"href":"https:\/\/moser-bad-heizung.de\/index.php?rest_route=%2Fwp%2Fv2%2Fmedia&parent=1105"}],"curies":[{"name":"wp","href":"https:\/\/api.w.org\/{rel}","templated":true}]}}