{"id":1050,"date":"2020-03-07T13:54:20","date_gmt":"2020-03-07T13:54:20","guid":{"rendered":"http:\/\/moser-bad-heizung.de\/?page_id=1050"},"modified":"2020-03-09T08:13:47","modified_gmt":"2020-03-09T08:13:47","slug":"datenschutz","status":"publish","type":"page","link":"https:\/\/moser-bad-heizung.de\/?page_id=1050","title":{"rendered":"Datenschutz"},"content":{"rendered":"\t\t<div data-elementor-type=\"wp-page\" data-elementor-id=\"1050\" class=\"elementor elementor-1050\">\n\t\t\t\t\t\t<section class=\"elementor-section elementor-top-section elementor-element elementor-element-fe967f1 elementor-section-stretched elementor-section-full_width elementor-section-height-min-height elementor-section-height-default elementor-section-items-middle\" data-id=\"fe967f1\" data-element_type=\"section\" data-settings=\"{&quot;stretch_section&quot;:&quot;section-stretched&quot;,&quot;background_background&quot;:&quot;slideshow&quot;,&quot;background_slideshow_gallery&quot;:[{&quot;id&quot;:1071,&quot;url&quot;:&quot;http:\\\/\\\/moser-bad-heizung.de\\\/wp-content\\\/uploads\\\/2020\\\/03\\\/iStock-913016600.jpg&quot;}],&quot;background_slideshow_loop&quot;:&quot;yes&quot;,&quot;background_slideshow_slide_duration&quot;:5000,&quot;background_slideshow_slide_transition&quot;:&quot;fade&quot;,&quot;background_slideshow_transition_duration&quot;:500}\">\n\t\t\t\t\t\t<div class=\"elementor-container elementor-column-gap-default\">\n\t\t\t\t\t<div class=\"elementor-column elementor-col-100 elementor-top-column elementor-element elementor-element-f776b54\" data-id=\"f776b54\" data-element_type=\"column\">\n\t\t\t<div class=\"elementor-widget-wrap\">\n\t\t\t\t\t\t\t<\/div>\n\t\t<\/div>\n\t\t\t\t\t<\/div>\n\t\t<\/section>\n\t\t\t\t<section class=\"elementor-section elementor-top-section elementor-element elementor-element-e31fe14 elementor-section-boxed elementor-section-height-default elementor-section-height-default\" data-id=\"e31fe14\" data-element_type=\"section\">\n\t\t\t\t\t\t<div class=\"elementor-container elementor-column-gap-default\">\n\t\t\t\t\t<div class=\"elementor-column elementor-col-100 elementor-top-column elementor-element elementor-element-c52281f\" data-id=\"c52281f\" data-element_type=\"column\">\n\t\t\t<div class=\"elementor-widget-wrap elementor-element-populated\">\n\t\t\t\t\t\t<div class=\"elementor-element elementor-element-23a6831 elementor-widget elementor-widget-spacer\" data-id=\"23a6831\" data-element_type=\"widget\" data-widget_type=\"spacer.default\">\n\t\t\t\t<div class=\"elementor-widget-container\">\n\t\t\t\t\t\t\t<div class=\"elementor-spacer\">\n\t\t\t<div class=\"elementor-spacer-inner\"><\/div>\n\t\t<\/div>\n\t\t\t\t\t\t<\/div>\n\t\t\t\t<\/div>\n\t\t\t\t<div class=\"elementor-element elementor-element-c87654a elementor-widget elementor-widget-text-editor\" data-id=\"c87654a\" data-element_type=\"widget\" data-widget_type=\"text-editor.default\">\n\t\t\t\t<div class=\"elementor-widget-container\">\n\t\t\t\t\t\t\t\t\t<h3><strong>Datenschutzerkl\u00e4rung<\/strong><\/h3><p>Informationen zur Datenerhebung gem\u00e4\u00df Artikel 13 DSGVO<\/p><p>Herzlich Willkommen auf unserer Homepage. Wir freuen uns \u00fcber Ihren Besuch. Wir m\u00f6chten im ersten Schritt gleich darauf hinweisen, dass wir grunds\u00e4tzlich keine Daten zu Werbezwecken oder Newsletter-Mailings erheben werden. F\u00fcr uns ist Vertraulichkeit und eine pers\u00f6nliche Zusammenarbeit mit unseren Kunden und Lieferanten das wertvollste Gut in unserem familiengef\u00fchrten Unternehmen.<\/p><p>Die Firma Moser Bad &amp; W\u00e4rme erhebt personenbezogene Daten &#8211; bestehend aus Name, Vorname, Adresse, Email und Telefonnummer &#8211; \u00fcber das Anfrageformular zum Zweck der ersten pers\u00f6nlichen Kontaktaufnahme. Diese Eingabe erfolgt freiwillig. Sollten Sie im ersten Schritt keine Datenerhebung wollen, k\u00f6nnen Sie jederzeit direkt bei uns anrufen oder eine E-Mail schreiben, um so von Ihrer Seite die erste Kontaktaufnahme zu gew\u00e4hrleisten.<\/p><p>Hinweis zur verantwortlichen Stelle: Wer ist verantwortlich f\u00fcr die Datenerfassung auf dieser Homepage?<\/p><p>Gesch\u00e4ftsf\u00fchrer Udo Moser, Firma Bad &amp; W\u00e4rme, Dammweg 2,<\/p><p>78652 Dei\u00dflingen, info@moser-bad-heizung.de<\/p><p>Was passiert nach Eingabe Ihrer Daten? Wir bekommen eine Benachrichtigung per Mail mit Ihren Daten. Diese werden in der Software Dienstleistungsprogramm PDS \u00fcbertragen und Sie werden als Interessent angelegt. Sie erhalten in diesem Zuge aber keine Kundennummer. Nach der ersten Kontaktaufnahme unsererseits wird dann miteinander gesprochen, welche Projektarbeit getan werden kann. Dieser Zweck erf\u00fcllt nach Absprache und Ihrer Einwilligung die Druchf\u00fchrung von Angebotsabgabe, eine m\u00f6gliche Vertragsdurchf\u00fchrung, sowie die Erf\u00fcllung vertraglicher und vorvertraglicher Pflichten. Eine Datenerhebung zum Zweck von Marketing- oder Werbestrategien findet nicht statt. Die Daten werden gel\u00f6scht, sobald sie f\u00fcr den Zweck Ihrer Verarbeitung nicht mehr erforderlich sind.<\/p><p>Die Datenerhebung und Datenverarbeitung ist f\u00fcr die Durchf\u00fchrung des Vertrages erforderlich und beruht auf Artikel 6 Abs. 1 b) DSGVO. Eine Weitergabe der Daten an Dritte findet nur dann statt, wenn diese f\u00fcr die Durchf\u00fchrung des Auftrages erforderlich sind und Sie daf\u00fcr vorab die Einwilligung gegeben haben.<\/p><p>Sie haben das Recht, jederzeit Auskunft der bei uns \u00fcber Sie gespeicherten Daten zu beantragen, sowie bei Unrichtigkeit der Daten die Berichtigung oder bei unzul\u00e4ssiger Datenspeicherung die L\u00f6schung zu fordern. Ihnen steht des Weiteren ein Beschwerderecht bei der Aufsichtsbeh\u00f6rde zu.<\/p>\t\t\t\t\t\t\t\t<\/div>\n\t\t\t\t<\/div>\n\t\t\t\t\t<\/div>\n\t\t<\/div>\n\t\t\t\t\t<\/div>\n\t\t<\/section>\n\t\t\t\t<\/div>\n\t\t","protected":false},"excerpt":{"rendered":"<p>Datenschutzerkl\u00e4rung Informationen zur Datenerhebung gem\u00e4\u00df Artikel 13 DSGVO Herzlich Willkommen auf unserer Homepage. Wir freuen uns \u00fcber Ihren Besuch. Wir m\u00f6chten im ersten Schritt gleich darauf hinweisen, dass wir grunds\u00e4tzlich keine Daten zu Werbezwecken oder Newsletter-Mailings erheben werden. F\u00fcr uns ist Vertraulichkeit und eine pers\u00f6nliche Zusammenarbeit mit unseren Kunden und Lieferanten das wertvollste Gut in [&hellip;]<\/p>\n","protected":false},"author":1,"featured_media":0,"parent":0,"menu_order":0,"comment_status":"closed","ping_status":"closed","template":"","meta":{"_uag_custom_page_level_css":"","site-sidebar-layout":"no-sidebar","site-content-layout":"page-builder","ast-site-content-layout":"default","site-content-style":"default","site-sidebar-style":"default","ast-global-header-display":"","ast-banner-title-visibility":"","ast-main-header-display":"","ast-hfb-above-header-display":"","ast-hfb-below-header-display":"","ast-hfb-mobile-header-display":"","site-post-title":"disabled","ast-breadcrumbs-content":"","ast-featured-img":"disabled","footer-sml-layout":"","theme-transparent-header-meta":"default","adv-header-id-meta":"","stick-header-meta":"","header-above-stick-meta":"","header-main-stick-meta":"","header-below-stick-meta":"","astra-migrate-meta-layouts":"default","ast-page-background-enabled":"default","ast-page-background-meta":{"desktop":{"background-color":"var(--ast-global-color-4)","background-image":"","background-repeat":"repeat","background-position":"center center","background-size":"auto","background-attachment":"scroll","background-type":"","background-media":"","overlay-type":"","overlay-color":"","overlay-opacity":"","overlay-gradient":""},"tablet":{"background-color":"","background-image":"","background-repeat":"repeat","background-position":"center center","background-size":"auto","background-attachment":"scroll","background-type":"","background-media":"","overlay-type":"","overlay-color":"","overlay-opacity":"","overlay-gradient":""},"mobile":{"background-color":"","background-image":"","background-repeat":"repeat","background-position":"center center","background-size":"auto","background-attachment":"scroll","background-type":"","background-media":"","overlay-type":"","overlay-color":"","overlay-opacity":"","overlay-gradient":""}},"ast-content-background-meta":{"desktop":{"background-color":"var(--ast-global-color-5)","background-image":"","background-repeat":"repeat","background-position":"center center","background-size":"auto","background-attachment":"scroll","background-type":"","background-media":"","overlay-type":"","overlay-color":"","overlay-opacity":"","overlay-gradient":""},"tablet":{"background-color":"var(--ast-global-color-5)","background-image":"","background-repeat":"repeat","background-position":"center center","background-size":"auto","background-attachment":"scroll","background-type":"","background-media":"","overlay-type":"","overlay-color":"","overlay-opacity":"","overlay-gradient":""},"mobile":{"background-color":"var(--ast-global-color-5)","background-image":"","background-repeat":"repeat","background-position":"center center","background-size":"auto","background-attachment":"scroll","background-type":"","background-media":"","overlay-type":"","overlay-color":"","overlay-opacity":"","overlay-gradient":""}},"footnotes":""},"class_list":["post-1050","page","type-page","status-publish","hentry"],"uagb_featured_image_src":{"full":false,"thumbnail":false,"medium":false,"medium_large":false,"large":false,"1536x1536":false,"2048x2048":false},"uagb_author_info":{"display_name":"Marcelinho","author_link":"https:\/\/moser-bad-heizung.de\/?author=1"},"uagb_comment_info":0,"uagb_excerpt":"Datenschutzerkl\u00e4rung Informationen zur Datenerhebung gem\u00e4\u00df Artikel 13 DSGVO Herzlich Willkommen auf unserer Homepage. Wir freuen uns \u00fcber Ihren Besuch. Wir m\u00f6chten im ersten Schritt gleich darauf hinweisen, dass wir grunds\u00e4tzlich keine Daten zu Werbezwecken oder Newsletter-Mailings erheben werden. F\u00fcr uns ist Vertraulichkeit und eine pers\u00f6nliche Zusammenarbeit mit unseren Kunden und Lieferanten das wertvollste Gut in&hellip;","_links":{"self":[{"href":"https:\/\/moser-bad-heizung.de\/index.php?rest_route=\/wp\/v2\/pages\/1050","targetHints":{"allow":["GET"]}}],"collection":[{"href":"https:\/\/moser-bad-heizung.de\/index.php?rest_route=\/wp\/v2\/pages"}],"about":[{"href":"https:\/\/moser-bad-heizung.de\/index.php?rest_route=\/wp\/v2\/types\/page"}],"author":[{"embeddable":true,"href":"https:\/\/moser-bad-heizung.de\/index.php?rest_route=\/wp\/v2\/users\/1"}],"replies":[{"embeddable":true,"href":"https:\/\/moser-bad-heizung.de\/index.php?rest_route=%2Fwp%2Fv2%2Fcomments&post=1050"}],"version-history":[{"count":3,"href":"https:\/\/moser-bad-heizung.de\/index.php?rest_route=\/wp\/v2\/pages\/1050\/revisions"}],"predecessor-version":[{"id":1072,"href":"https:\/\/moser-bad-heizung.de\/index.php?rest_route=\/wp\/v2\/pages\/1050\/revisions\/1072"}],"wp:attachment":[{"href":"https:\/\/moser-bad-heizung.de\/index.php?rest_route=%2Fwp%2Fv2%2Fmedia&parent=1050"}],"curies":[{"name":"wp","href":"https:\/\/api.w.org\/{rel}","templated":true}]}}